{"id":3157,"date":"2023-03-10T14:05:43","date_gmt":"2023-03-10T14:05:43","guid":{"rendered":"https:\/\/desarrollo.clinicadentalromeo.com\/?post_type=product&#038;p=3157"},"modified":"2023-03-10T14:05:44","modified_gmt":"2023-03-10T14:05:44","slug":"ferula-de-descarga","status":"publish","type":"product","link":"https:\/\/desarrollo.clinicadentalromeo.com\/?product=ferula-de-descarga","title":{"rendered":"F\u00e9rula de descarga"},"content":{"rendered":"<p>La f\u00e9rula de descarga es <strong>un dispositivo<\/strong> que se usa para <strong>proteger los dientes y reducir el desgaste debido al <\/strong>rechinamiento y <strong>apretamiento involuntario de los dientes<\/strong>, tambi\u00e9n conocido como <strong>bruxismo.<\/strong> Este dispositivo se <strong>fabrica a medida<\/strong> y se usa <strong>durante la noche mientras duerme.<\/strong> La f\u00e9rula de descarga<strong> ayuda a reducir el dolor y la tensi\u00f3n en los m\u00fasculos de la mand\u00edbula y la cabeza<\/strong>, y puede ayudar a <strong>prevenir da\u00f1os<\/strong> permanentes en los dientes y la boca.<\/p>\n","protected":false},"excerpt":{"rendered":"<p>La f\u00e9rula de descarga es <strong>un dispositivo<\/strong> que se usa para <strong>proteger los dientes y reducir el desgaste debido al <\/strong>rechinamiento y <strong>apretamiento involuntario de los dientes<\/strong>, tambi\u00e9n conocido como <strong>bruxismo.<\/strong><\/p>\n","protected":false},"featured_media":3159,"comment_status":"open","ping_status":"closed","template":"","meta":{"_mi_skip_tracking":false},"product_cat":[32,33],"product_tag":[],"class_list":{"0":"post-3157","1":"product","2":"type-product","3":"status-publish","4":"has-post-thumbnail","6":"product_cat-tienda","7":"product_cat-tratamientos","9":"first","10":"instock","11":"virtual","12":"purchasable","13":"product-type-simple"},"yoast_head":"<!-- This site is optimized with the Yoast SEO plugin v20.2.1 - https:\/\/yoast.com\/wordpress\/plugins\/seo\/ -->\n<title>F\u00e9rula de descarga - Cl\u00ednica dental Romeo: Dentistas en Vigo<\/title>\n<meta name=\"robots\" content=\"index, follow, max-snippet:-1, max-image-preview:large, max-video-preview:-1\" \/>\n<link rel=\"canonical\" href=\"https:\/\/desarrollo.clinicadentalromeo.com\/?product=ferula-de-descarga\" \/>\n<meta property=\"og:locale\" content=\"es_ES\" \/>\n<meta property=\"og:type\" content=\"article\" \/>\n<meta property=\"og:title\" content=\"F\u00e9rula de descarga - Cl\u00ednica dental Romeo: Dentistas en Vigo\" \/>\n<meta property=\"og:description\" content=\"La f\u00e9rula de descarga es un dispositivo que se usa para proteger los dientes y reducir el desgaste debido al rechinamiento y apretamiento involuntario de los dientes, tambi\u00e9n conocido como bruxismo.\" \/>\n<meta property=\"og:url\" content=\"https:\/\/desarrollo.clinicadentalromeo.com\/?product=ferula-de-descarga\" \/>\n<meta property=\"og:site_name\" content=\"Cl\u00ednica dental Romeo: Dentistas en Vigo\" \/>\n<meta property=\"article:modified_time\" content=\"2023-03-10T14:05:44+00:00\" \/>\n<meta property=\"og:image\" content=\"https:\/\/desarrollo.clinicadentalromeo.com\/wp-content\/uploads\/2023\/03\/WhatsApp-Image-2023-03-10-at-14.56.17.jpeg\" \/>\n\t<meta property=\"og:image:width\" content=\"1600\" \/>\n\t<meta property=\"og:image:height\" content=\"1200\" \/>\n\t<meta property=\"og:image:type\" content=\"image\/jpeg\" \/>\n<meta name=\"twitter:card\" content=\"summary_large_image\" \/>\n<meta name=\"twitter:label1\" content=\"Tiempo de lectura\" \/>\n\t<meta name=\"twitter:data1\" content=\"1 minuto\" \/>\n<script type=\"application\/ld+json\" class=\"yoast-schema-graph\">{\"@context\":\"https:\/\/schema.org\",\"@graph\":[{\"@type\":\"WebPage\",\"@id\":\"https:\/\/desarrollo.clinicadentalromeo.com\/?product=ferula-de-descarga\",\"url\":\"https:\/\/desarrollo.clinicadentalromeo.com\/?product=ferula-de-descarga\",\"name\":\"F\u00e9rula de descarga - Cl\u00ednica dental Romeo: Dentistas en Vigo\",\"isPartOf\":{\"@id\":\"https:\/\/desarrollo.clinicadentalromeo.com\/#website\"},\"datePublished\":\"2023-03-10T14:05:43+00:00\",\"dateModified\":\"2023-03-10T14:05:44+00:00\",\"breadcrumb\":{\"@id\":\"https:\/\/desarrollo.clinicadentalromeo.com\/?product=ferula-de-descarga#breadcrumb\"},\"inLanguage\":\"es\",\"potentialAction\":[{\"@type\":\"ReadAction\",\"target\":[\"https:\/\/desarrollo.clinicadentalromeo.com\/?product=ferula-de-descarga\"]}]},{\"@type\":\"BreadcrumbList\",\"@id\":\"https:\/\/desarrollo.clinicadentalromeo.com\/?product=ferula-de-descarga#breadcrumb\",\"itemListElement\":[{\"@type\":\"ListItem\",\"position\":1,\"name\":\"Portada\",\"item\":\"https:\/\/desarrollo.clinicadentalromeo.com\/\"},{\"@type\":\"ListItem\",\"position\":2,\"name\":\"Tienda\",\"item\":\"https:\/\/desarrollo.clinicadentalromeo.com\/?page_id=2053\"},{\"@type\":\"ListItem\",\"position\":3,\"name\":\"F\u00e9rula de descarga\"}]},{\"@type\":\"WebSite\",\"@id\":\"https:\/\/desarrollo.clinicadentalromeo.com\/#website\",\"url\":\"https:\/\/desarrollo.clinicadentalromeo.com\/\",\"name\":\"Cl\u00ednica dental Romeo: Dentistas en Vigo\",\"description\":\"Cl\u00ednica dental Romeo en Vigo. Disfrutamos de amplio abanico de dentistas en plantilla especializados para dar el mejor servicio para tu salud dental.\",\"publisher\":{\"@id\":\"https:\/\/desarrollo.clinicadentalromeo.com\/#organization\"},\"alternateName\":\"Cl\u00ednica Dental Romeo\",\"potentialAction\":[{\"@type\":\"SearchAction\",\"target\":{\"@type\":\"EntryPoint\",\"urlTemplate\":\"https:\/\/desarrollo.clinicadentalromeo.com\/?s={search_term_string}\"},\"query-input\":\"required name=search_term_string\"}],\"inLanguage\":\"es\"},{\"@type\":\"Organization\",\"@id\":\"https:\/\/desarrollo.clinicadentalromeo.com\/#organization\",\"name\":\"Cl\u00ednica dental Romeo: Dentistas en Vigo\",\"url\":\"https:\/\/desarrollo.clinicadentalromeo.com\/\",\"logo\":{\"@type\":\"ImageObject\",\"inLanguage\":\"es\",\"@id\":\"https:\/\/desarrollo.clinicadentalromeo.com\/#\/schema\/logo\/image\/\",\"url\":\"https:\/\/desarrollo.clinicadentalromeo.com\/wp-content\/uploads\/2023\/03\/CDR001_RomeoMarca1.0.png\",\"contentUrl\":\"https:\/\/desarrollo.clinicadentalromeo.com\/wp-content\/uploads\/2023\/03\/CDR001_RomeoMarca1.0.png\",\"width\":2058,\"height\":660,\"caption\":\"Cl\u00ednica dental Romeo: Dentistas en Vigo\"},\"image\":{\"@id\":\"https:\/\/desarrollo.clinicadentalromeo.com\/#\/schema\/logo\/image\/\"}}]}<\/script>\n<!-- \/ Yoast SEO plugin. -->","yoast_head_json":{"title":"F\u00e9rula de descarga - Cl\u00ednica dental Romeo: Dentistas en Vigo","robots":{"index":"index","follow":"follow","max-snippet":"max-snippet:-1","max-image-preview":"max-image-preview:large","max-video-preview":"max-video-preview:-1"},"canonical":"https:\/\/desarrollo.clinicadentalromeo.com\/?product=ferula-de-descarga","og_locale":"es_ES","og_type":"article","og_title":"F\u00e9rula de descarga - Cl\u00ednica dental Romeo: Dentistas en Vigo","og_description":"La f\u00e9rula de descarga es un dispositivo que se usa para proteger los dientes y reducir el desgaste debido al rechinamiento y apretamiento involuntario de los dientes, tambi\u00e9n conocido como bruxismo.","og_url":"https:\/\/desarrollo.clinicadentalromeo.com\/?product=ferula-de-descarga","og_site_name":"Cl\u00ednica dental Romeo: Dentistas en Vigo","article_modified_time":"2023-03-10T14:05:44+00:00","og_image":[{"width":1600,"height":1200,"url":"https:\/\/desarrollo.clinicadentalromeo.com\/wp-content\/uploads\/2023\/03\/WhatsApp-Image-2023-03-10-at-14.56.17.jpeg","type":"image\/jpeg"}],"twitter_card":"summary_large_image","twitter_misc":{"Tiempo de lectura":"1 minuto"},"schema":{"@context":"https:\/\/schema.org","@graph":[{"@type":"WebPage","@id":"https:\/\/desarrollo.clinicadentalromeo.com\/?product=ferula-de-descarga","url":"https:\/\/desarrollo.clinicadentalromeo.com\/?product=ferula-de-descarga","name":"F\u00e9rula de descarga - Cl\u00ednica dental Romeo: Dentistas en Vigo","isPartOf":{"@id":"https:\/\/desarrollo.clinicadentalromeo.com\/#website"},"datePublished":"2023-03-10T14:05:43+00:00","dateModified":"2023-03-10T14:05:44+00:00","breadcrumb":{"@id":"https:\/\/desarrollo.clinicadentalromeo.com\/?product=ferula-de-descarga#breadcrumb"},"inLanguage":"es","potentialAction":[{"@type":"ReadAction","target":["https:\/\/desarrollo.clinicadentalromeo.com\/?product=ferula-de-descarga"]}]},{"@type":"BreadcrumbList","@id":"https:\/\/desarrollo.clinicadentalromeo.com\/?product=ferula-de-descarga#breadcrumb","itemListElement":[{"@type":"ListItem","position":1,"name":"Portada","item":"https:\/\/desarrollo.clinicadentalromeo.com\/"},{"@type":"ListItem","position":2,"name":"Tienda","item":"https:\/\/desarrollo.clinicadentalromeo.com\/?page_id=2053"},{"@type":"ListItem","position":3,"name":"F\u00e9rula de descarga"}]},{"@type":"WebSite","@id":"https:\/\/desarrollo.clinicadentalromeo.com\/#website","url":"https:\/\/desarrollo.clinicadentalromeo.com\/","name":"Cl\u00ednica dental Romeo: Dentistas en Vigo","description":"Cl\u00ednica dental Romeo en Vigo. Disfrutamos de amplio abanico de dentistas en plantilla especializados para dar el mejor servicio para tu salud dental.","publisher":{"@id":"https:\/\/desarrollo.clinicadentalromeo.com\/#organization"},"alternateName":"Cl\u00ednica Dental Romeo","potentialAction":[{"@type":"SearchAction","target":{"@type":"EntryPoint","urlTemplate":"https:\/\/desarrollo.clinicadentalromeo.com\/?s={search_term_string}"},"query-input":"required name=search_term_string"}],"inLanguage":"es"},{"@type":"Organization","@id":"https:\/\/desarrollo.clinicadentalromeo.com\/#organization","name":"Cl\u00ednica dental Romeo: Dentistas en Vigo","url":"https:\/\/desarrollo.clinicadentalromeo.com\/","logo":{"@type":"ImageObject","inLanguage":"es","@id":"https:\/\/desarrollo.clinicadentalromeo.com\/#\/schema\/logo\/image\/","url":"https:\/\/desarrollo.clinicadentalromeo.com\/wp-content\/uploads\/2023\/03\/CDR001_RomeoMarca1.0.png","contentUrl":"https:\/\/desarrollo.clinicadentalromeo.com\/wp-content\/uploads\/2023\/03\/CDR001_RomeoMarca1.0.png","width":2058,"height":660,"caption":"Cl\u00ednica dental Romeo: Dentistas en Vigo"},"image":{"@id":"https:\/\/desarrollo.clinicadentalromeo.com\/#\/schema\/logo\/image\/"}}]}},"_links":{"self":[{"href":"https:\/\/desarrollo.clinicadentalromeo.com\/index.php?rest_route=\/wp\/v2\/product\/3157","targetHints":{"allow":["GET"]}}],"collection":[{"href":"https:\/\/desarrollo.clinicadentalromeo.com\/index.php?rest_route=\/wp\/v2\/product"}],"about":[{"href":"https:\/\/desarrollo.clinicadentalromeo.com\/index.php?rest_route=\/wp\/v2\/types\/product"}],"replies":[{"embeddable":true,"href":"https:\/\/desarrollo.clinicadentalromeo.com\/index.php?rest_route=%2Fwp%2Fv2%2Fcomments&post=3157"}],"version-history":[{"count":1,"href":"https:\/\/desarrollo.clinicadentalromeo.com\/index.php?rest_route=\/wp\/v2\/product\/3157\/revisions"}],"predecessor-version":[{"id":3160,"href":"https:\/\/desarrollo.clinicadentalromeo.com\/index.php?rest_route=\/wp\/v2\/product\/3157\/revisions\/3160"}],"wp:featuredmedia":[{"embeddable":true,"href":"https:\/\/desarrollo.clinicadentalromeo.com\/index.php?rest_route=\/wp\/v2\/media\/3159"}],"wp:attachment":[{"href":"https:\/\/desarrollo.clinicadentalromeo.com\/index.php?rest_route=%2Fwp%2Fv2%2Fmedia&parent=3157"}],"wp:term":[{"taxonomy":"product_cat","embeddable":true,"href":"https:\/\/desarrollo.clinicadentalromeo.com\/index.php?rest_route=%2Fwp%2Fv2%2Fproduct_cat&post=3157"},{"taxonomy":"product_tag","embeddable":true,"href":"https:\/\/desarrollo.clinicadentalromeo.com\/index.php?rest_route=%2Fwp%2Fv2%2Fproduct_tag&post=3157"}],"curies":[{"name":"wp","href":"https:\/\/api.w.org\/{rel}","templated":true}]}}