{"id":2137,"date":"2023-03-09T01:20:39","date_gmt":"2023-03-09T01:20:39","guid":{"rendered":"https:\/\/desarrollo.clinicadentalromeo.com\/?page_id=2137"},"modified":"2023-03-09T01:24:02","modified_gmt":"2023-03-09T01:24:02","slug":"politica-de-cookies","status":"publish","type":"page","link":"https:\/\/desarrollo.clinicadentalromeo.com\/?page_id=2137","title":{"rendered":"Pol\u00edtica de cookies"},"content":{"rendered":"\t\t<div data-elementor-type=\"wp-page\" data-elementor-id=\"2137\" class=\"elementor elementor-2137\">\n\t\t\t\t\t\t\t\t\t<section class=\"elementor-section elementor-top-section elementor-element elementor-element-f2bee19 elementor-section-boxed elementor-section-height-default elementor-section-height-default\" data-id=\"f2bee19\" data-element_type=\"section\">\n\t\t\t\t\t\t<div class=\"elementor-container elementor-column-gap-default\">\n\t\t\t\t\t<div class=\"elementor-column elementor-col-100 elementor-top-column elementor-element elementor-element-e69acb2\" data-id=\"e69acb2\" data-element_type=\"column\">\n\t\t\t<div class=\"elementor-widget-wrap elementor-element-populated\">\n\t\t\t\t\t\t\t\t<div class=\"elementor-element elementor-element-2e61706 elementor-widget elementor-widget-heading\" data-id=\"2e61706\" data-element_type=\"widget\" data-widget_type=\"heading.default\">\n\t\t\t\t<div class=\"elementor-widget-container\">\n\t\t\t<style>\/*! elementor - v3.11.2 - 22-02-2023 *\/\n.elementor-heading-title{padding:0;margin:0;line-height:1}.elementor-widget-heading .elementor-heading-title[class*=elementor-size-]>a{color:inherit;font-size:inherit;line-height:inherit}.elementor-widget-heading .elementor-heading-title.elementor-size-small{font-size:15px}.elementor-widget-heading .elementor-heading-title.elementor-size-medium{font-size:19px}.elementor-widget-heading .elementor-heading-title.elementor-size-large{font-size:29px}.elementor-widget-heading .elementor-heading-title.elementor-size-xl{font-size:39px}.elementor-widget-heading .elementor-heading-title.elementor-size-xxl{font-size:59px}<\/style><h2 class=\"elementor-heading-title elementor-size-default\">Pol\u00edtica de cookies<\/h2>\t\t<\/div>\n\t\t\t\t<\/div>\n\t\t\t\t<div class=\"elementor-element elementor-element-b07d32f elementor-widget elementor-widget-text-editor\" data-id=\"b07d32f\" data-element_type=\"widget\" data-widget_type=\"text-editor.default\">\n\t\t\t\t<div class=\"elementor-widget-container\">\n\t\t\t<style>\/*! elementor - v3.11.2 - 22-02-2023 *\/\n.elementor-widget-text-editor.elementor-drop-cap-view-stacked .elementor-drop-cap{background-color:#818a91;color:#fff}.elementor-widget-text-editor.elementor-drop-cap-view-framed .elementor-drop-cap{color:#818a91;border:3px solid;background-color:transparent}.elementor-widget-text-editor:not(.elementor-drop-cap-view-default) .elementor-drop-cap{margin-top:8px}.elementor-widget-text-editor:not(.elementor-drop-cap-view-default) .elementor-drop-cap-letter{width:1em;height:1em}.elementor-widget-text-editor .elementor-drop-cap{float:left;text-align:center;line-height:1;font-size:50px}.elementor-widget-text-editor .elementor-drop-cap-letter{display:inline-block}<\/style>\t\t\t\t<p class=\"p1\"><b>Datos identificativos<\/b><\/p><p class=\"p2\">En cumplimiento con el deber de informaci\u00f3n recogido en el art\u00edculo 10 de la ley 34\/2002 del 11 de julio, de Servicios de la Sociedad de la informaci\u00f3n y Comercio Electr\u00f3nico (LSSICE) se exponen a continuaci\u00f3n los datos identificativos de la empresa responsable:<\/p><p class=\"p2\">Equipo Dental Vigo CR S.L. (en adelante el Titular).<br \/>Inscrito en el Registro Sanitario: C-36-001975<br \/>NIF: B-27.851.773<br \/>Domicilio Social: Ctra. Camposancos 152 36213 Coruxo-Vigo (Pontevedra)<br \/>Correo electr\u00f3nico: info@clinicadentalromeo.com<br \/>Tel\u00e9fono: 986 29 62 47<\/p><p class=\"p2\">De conformidad con lo establecido en la Ley 34\/2002 de Servicios de la Sociedad de la Informaci\u00f3n, te informamos que el sitio web clinicadentalromeo.com, utiliza cookies. Las cookies son peque\u00f1os ficheros de informaci\u00f3n del sitio web que el usuario que lo visita almacena en su ordenador o dispositivo. Ello nos permite, entre otras cosas, mejorar el proceso de navegaci\u00f3n.<\/p><p class=\"p1\"><b>Cookies utilizadas en el sitio web<\/b><\/p><p class=\"p2\">Podemos clasificar las cookies ateniendo a los siguientes par\u00e1metros:<\/p><p class=\"p2\">i) Entidad gestora<\/p><p class=\"p2\">Dependiendo de qu\u00e9 entidad gestione el sitio web o dominio desde el que se configuran y procesan las Cookies, existen los siguientes tipos de Cookies:<\/p><p class=\"p2\">\u2013 Cookies de origen. Son cookies que se env\u00edan al ordenador del usuario desde un dispositivo o dominio gestionado por nosotros y desde el que se presta el servicio solicitado por el usuario.<\/p><p class=\"p2\">\u2013 Cookies de terceros. Son cookies que se env\u00edan al ordenador del usuario desde un dispositivo o dominio no gestionado por el editor, sino por otra entidad que procesa los datos obtenidos a trav\u00e9s de las cookies.<\/p><p class=\"p2\">ii) Tiempo de instalaci\u00f3n<\/p><p class=\"p2\">Dependiendo de la cantidad de tiempo que permanezca activo en su Dispositivo, estos son los siguientes tipos de Cookies:<\/p><p class=\"p2\">\u2013 Cookies de sesi\u00f3n. Estas cookies est\u00e1n dise\u00f1adas para recibir y almacenar datos mientras accede al sitio web. Estas cookies no permanecen almacenadas en su dispositivo cuando sale de la sesi\u00f3n del navegador o del sitio web.<\/p><p class=\"p2\">\u2013 Cookies persistentes. Estas cookies permanecen almacenadas en su dispositivo y se puede acceder y procesar despu\u00e9s de salir del sitio web, as\u00ed como cuando navega en \u00e9l durante un per\u00edodo de tiempo predeterminado. La cookie permanece en el disco duro hasta que alcanza su fecha de vencimiento. El tiempo m\u00e1ximo por el usamos cookies persistentes en nuestro sitio web es de un (1) a\u00f1o. En este punto, el navegador purgar\u00eda la cookie del disco duro.<\/p><p class=\"p2\">iii) Finalidad<\/p><p class=\"p2\">Dependiendo de la funci\u00f3n de la cookie, las cookies se pueden agrupar de la siguiente manera:<\/p><p class=\"p2\">\u2013 Cookies necesarias. Las cookies necesarias ayudan a que un sitio web sea utilizable al habilitar funciones b\u00e1sicas como la navegaci\u00f3n de p\u00e1ginas y el acceso a \u00e1reas seguras del sitio web. El sitio web no puede funcionar correctamente sin estas cookies.<\/p><p class=\"p2\">\u2013 Cookies de preferencias: Cookies que permiten recordar informaci\u00f3n, de forma que los usuarios puedan acceder al servicio en determinadas condiciones que distinguen su experiencia de la de otros usuarios, como el idioma, el n\u00famero de resultados de b\u00fasqueda a mostrar, el aspecto o contenido del servicio seg\u00fan el navegador a trav\u00e9s del cual acceden o la regi\u00f3n desde la que se accede. Este tipo de cookies permiten ofrecer un servicio personalizado.<\/p><p class=\"p2\">\u2013 Cookies anal\u00edticas: son aquellas que permiten cuantificar el n\u00famero de visitantes y analizar estad\u00edsticamente la utilizaci\u00f3n que hacen los usuarios del portal web. La informaci\u00f3n recogida mediante este tipo de cookies se utiliza en la medici\u00f3n de la actividad del Sitio Web y para la elaboraci\u00f3n de perfiles de navegaci\u00f3n anonimizados de los usuarios, con el fin de introducir mejoras en funci\u00f3n del an\u00e1lisis de los datos de uso que hacen los usuarios del servicio y\/o portal.<\/p><p class=\"p2\">\u2013 Cookies de marketing: Las cookies de marketing se utilizan para rastrear visitantes en sitios web. La intenci\u00f3n es mostrar anuncios que sean relevantes y atractivos para el usuario individual y, por lo tanto, m\u00e1s valiosos para los editores y anunciantes externos.<\/p><p class=\"p1\"><b>Listado de cookies detectadas<\/b><\/p><table class=\"t1\" cellspacing=\"0\" cellpadding=\"0\"><tbody><tr><td class=\"td1\" valign=\"top\"><p class=\"p3\"><b>Cookie<\/b><\/p><\/td><td class=\"td1\" valign=\"top\"><p class=\"p3\"><b>Dominio<\/b><\/p><\/td><td class=\"td1\" valign=\"top\"><p class=\"p3\"><b>Tipo<\/b><\/p><\/td><td class=\"td1\" valign=\"top\"><p class=\"p3\"><b>Descripci\u00f3n<\/b><\/p><\/td><td class=\"td1\" valign=\"top\"><p class=\"p3\"><b>Duraci\u00f3n<\/b><\/p><\/td><\/tr><tr><td class=\"td1\" valign=\"top\"><p class=\"p2\">_fbp<\/p><\/td><td class=\"td1\" valign=\"top\"><p class=\"p2\">.clinicadentalromeo.com<\/p><\/td><td class=\"td1\" valign=\"top\"><p class=\"p2\">Publicidad<\/p><\/td><td class=\"td1\" valign=\"top\"><p class=\"p2\">Facebook configura esta cookie para entregar publicidad cuando est\u00e1n en Facebook o en una plataforma digital impulsada por publicidad de Facebook despu\u00e9s de visitar este sitio web.<\/p><\/td><td class=\"td1\" valign=\"top\"><p class=\"p2\">3 meses<\/p><\/td><\/tr><tr><td class=\"td1\" valign=\"top\"><p class=\"p2\">uncodeAI.screen<\/p><\/td><td class=\"td1\" valign=\"top\"><p class=\"p2\">clinicadentalromeo.com<\/p><\/td><td class=\"td1\" valign=\"top\"><p class=\"p2\">Necesarias<\/p><\/td><td class=\"td1\" valign=\"top\"><p class=\"p2\">Estas cookies contienen informaci\u00f3n en tiempo de ejecuci\u00f3n sobre la ventana gr\u00e1fica y la resoluci\u00f3n de la pantalla, estos datos se utilizan en cualquier actualizaci\u00f3n de p\u00e1gina para calcular las im\u00e1genes adaptables correctas. No se almacena informaci\u00f3n personal dentro de estas cookies.<\/p><\/td><td class=\"td1\" valign=\"top\"><p class=\"p2\">sesi\u00f3n<\/p><\/td><\/tr><tr><td class=\"td1\" valign=\"top\"><p class=\"p2\">uncodeAI.images<\/p><\/td><td class=\"td1\" valign=\"top\"><p class=\"p2\">clinicadentalromeo.com<\/p><\/td><td class=\"td1\" valign=\"top\"><p class=\"p2\">Necesarias<\/p><\/td><td class=\"td1\" valign=\"top\"><p class=\"p2\">Estas cookies contienen informaci\u00f3n en tiempo de ejecuci\u00f3n sobre la ventana gr\u00e1fica y la resoluci\u00f3n de la pantalla, estos datos se utilizan en cualquier actualizaci\u00f3n de p\u00e1gina para calcular las im\u00e1genes adaptables correctas. No se almacena informaci\u00f3n personal dentro de estas cookies.<\/p><\/td><td class=\"td1\" valign=\"top\"><p class=\"p2\">sesi\u00f3n<\/p><\/td><\/tr><tr><td class=\"td1\" valign=\"top\"><p class=\"p2\">uncodeAI.css<\/p><\/td><td class=\"td1\" valign=\"top\"><p class=\"p2\">clinicadentalromeo.com<\/p><\/td><td class=\"td1\" valign=\"top\"><p class=\"p2\">Necesarias<\/p><\/td><td class=\"td1\" valign=\"top\"><p class=\"p2\">Estas cookies contienen informaci\u00f3n en tiempo de ejecuci\u00f3n sobre la ventana gr\u00e1fica y la resoluci\u00f3n de la pantalla, estos datos se utilizan en cualquier actualizaci\u00f3n de p\u00e1gina para calcular las im\u00e1genes adaptables correctas. No se almacena informaci\u00f3n personal dentro de estas cookies.<\/p><\/td><td class=\"td1\" valign=\"top\"><p class=\"p2\">sesi\u00f3n<\/p><\/td><\/tr><tr><td class=\"td1\" valign=\"top\"><p class=\"p2\">_GRECAPTCHA<\/p><\/td><td class=\"td1\" valign=\"top\"><p class=\"p2\">.google.com<\/p><\/td><td class=\"td1\" valign=\"top\"><p class=\"p2\">Necesarias<\/p><\/td><td class=\"td1\" valign=\"top\"><p class=\"p2\">Google establece esta cookie. Adem\u00e1s de ciertas cookies est\u00e1ndar de Google, reCAPTCHA establece una cookie necesaria (_GRECAPTCHA) cuando se ejecuta con el prop\u00f3sito de proporcionar su an\u00e1lisis de riesgo.<\/p><\/td><td class=\"td1\" valign=\"top\"><p class=\"p2\">5 meses y 27 d\u00edas<\/p><\/td><\/tr><\/tbody><\/table><p class=\"p2\"><b>Desactivaci\u00f3n o eliminaci\u00f3n de cookies<\/b><\/p><p class=\"p2\">En el caso de querer modificar la configuraci\u00f3n de cookies del navegador, como usuario puedes hacerlo mediante la configuraci\u00f3n de las opciones del mismo. Podr\u00e1s encontrar informaci\u00f3n sobre c\u00f3mo modificar las pol\u00edticas de cookies de los distintos navegadores en los siguientes enlaces:<\/p><p class=\"p2\">(i) Para Microsoft Internet Explorer: <a href=\"https:\/\/support.microsoft.com\/es-es\/help\/17442\/windows-internet-explorer-delete-manage-cookies\">https:\/\/support.microsoft.com\/es-es\/help\/17442\/windows-internet-explorer-delete-manage-cookies<\/a><\/p><p class=\"p2\">(ii) Para Firefox: <a href=\"http:\/\/support.mozilla.org\/es\/kb\/habilitar-y-deshabilitar-cookies-que-los-sitios-we\">http:\/\/support.mozilla.org\/es\/kb\/habilitar-y-deshabilitar-cookies-que-los-sitios-we<\/a><\/p><p class=\"p2\">(iii) Para Safari: <a href=\"https:\/\/support.apple.com\/kb\/PH19214?viewlocale=es_ES&amp;locale=es_ES\">https:\/\/support.apple.com\/kb\/PH19214?viewlocale=es_ES&amp;locale=es_ES<\/a><\/p><p class=\"p2\">(iv) Para Google Chrome: <a href=\"http:\/\/support.google.com\/chrome\/bin\/answer.py?hl=es&amp;answer=95647\">http:\/\/support.google.com\/chrome\/bin\/answer.py?hl=es&amp;answer=95647<\/a><\/p><p class=\"p1\"><b>Notas adicionales<\/b><\/p><p class=\"p2\">Los navegadores web son las herramientas encargadas de almacenar las cookies y desde este lugar como usuario puedes ejercitar tu derecho a eliminaci\u00f3n o desactivaci\u00f3n de las mismas. Ni esta web ni sus representantes legales podemos garantizar la correcta o incorrecta manipulaci\u00f3n de las cookies por parte de los mencionados navegadores. Informamos que si no deseas que los sitios web pongan ninguna cookie en el equipo puedes adaptar la configuraci\u00f3n del navegador de modo que se notifique antes de que se coloque ninguna cookie en tu dispositivo.<\/p><p class=\"p2\">La aceptaci\u00f3n de la presente pol\u00edtica de cookies implica que como usuario has sido informado de una forma clara y completa sobre el uso de dispositivos de almacenamiento y recuperaci\u00f3n de datos (cookies) as\u00ed como que Cl\u00ednica Dental Romeo dispone de tu consentimiento para el uso de las mismas tal y como establece la normativa.<\/p><p class=\"p2\">En el caso de que tengas alguna duda sobre la pol\u00edtica de cookies del sitio web, puedes dirigirse a: info@clinicadentalromeo.com.<\/p><p class=\"p2\">En el supuesto de querer conocer con m\u00e1s detalles en qu\u00e9 consisten las cookies, en este link se puede acceder a la gu\u00eda de cookies editada por la Agencia Espa\u00f1ola de Protecci\u00f3n de Datos: <a href=\"https:\/\/www.aepd.es\/sites\/default\/files\/2020-07\/guia-cookies.pdf\">https:\/\/www.aepd.es\/sites\/default\/files\/2020-07\/guia-cookies.pdf<\/a><\/p>\t\t\t\t\t\t<\/div>\n\t\t\t\t<\/div>\n\t\t\t\t\t<\/div>\n\t\t<\/div>\n\t\t\t\t\t\t\t<\/div>\n\t\t<\/section>\n\t\t\t\t\t\t\t<\/div>\n\t\t","protected":false},"excerpt":{"rendered":"<p>Pol\u00edtica de cookies Datos identificativos En cumplimiento con el deber de informaci\u00f3n recogido en el art\u00edculo 10 de la ley 34\/2002 del 11 de julio, de Servicios de la Sociedad de la informaci\u00f3n y Comercio Electr\u00f3nico (LSSICE) se exponen a continuaci\u00f3n los datos identificativos de la empresa responsable: Equipo Dental Vigo CR S.L. (en adelante &#8230; <a title=\"Pol\u00edtica de cookies\" class=\"read-more\" href=\"https:\/\/desarrollo.clinicadentalromeo.com\/?page_id=2137\" aria-label=\"M\u00e1s en Pol\u00edtica de cookies\">Leer m\u00e1s<\/a><\/p>\n","protected":false},"author":1,"featured_media":0,"parent":0,"menu_order":0,"comment_status":"closed","ping_status":"closed","template":"","meta":{"_mi_skip_tracking":false,"footnotes":""},"class_list":["post-2137","page","type-page","status-publish"],"yoast_head":"<!-- This site is optimized with the Yoast SEO plugin v20.2.1 - https:\/\/yoast.com\/wordpress\/plugins\/seo\/ -->\n<title>Pol\u00edtica de cookies - Cl\u00ednica dental Romeo: Dentistas en Vigo<\/title>\n<meta name=\"robots\" content=\"index, follow, max-snippet:-1, max-image-preview:large, max-video-preview:-1\" \/>\n<link rel=\"canonical\" href=\"https:\/\/desarrollo.clinicadentalromeo.com\/?page_id=2137\" \/>\n<meta property=\"og:locale\" content=\"es_ES\" \/>\n<meta property=\"og:type\" content=\"article\" \/>\n<meta property=\"og:title\" content=\"Pol\u00edtica de cookies - Cl\u00ednica dental Romeo: Dentistas en Vigo\" \/>\n<meta property=\"og:description\" content=\"Pol\u00edtica de cookies Datos identificativos En cumplimiento con el deber de informaci\u00f3n recogido en el art\u00edculo 10 de la ley 34\/2002 del 11 de julio, de Servicios de la Sociedad de la informaci\u00f3n y Comercio Electr\u00f3nico (LSSICE) se exponen a continuaci\u00f3n los datos identificativos de la empresa responsable: Equipo Dental Vigo CR S.L. (en adelante ... Leer m\u00e1s\" \/>\n<meta property=\"og:url\" content=\"https:\/\/desarrollo.clinicadentalromeo.com\/?page_id=2137\" \/>\n<meta property=\"og:site_name\" content=\"Cl\u00ednica dental Romeo: Dentistas en Vigo\" \/>\n<meta property=\"article:modified_time\" content=\"2023-03-09T01:24:02+00:00\" \/>\n<meta property=\"og:image\" content=\"https:\/\/desarrollo.clinicadentalromeo.com\/wp-content\/uploads\/2023\/03\/Logo-Clinica-Dental-Romeo.png\" \/>\n\t<meta property=\"og:image:width\" content=\"500\" \/>\n\t<meta property=\"og:image:height\" content=\"500\" \/>\n\t<meta property=\"og:image:type\" content=\"image\/png\" \/>\n<meta name=\"twitter:card\" content=\"summary_large_image\" \/>\n<meta name=\"twitter:label1\" content=\"Tiempo de lectura\" \/>\n\t<meta name=\"twitter:data1\" content=\"6 minutos\" \/>\n<script type=\"application\/ld+json\" class=\"yoast-schema-graph\">{\"@context\":\"https:\/\/schema.org\",\"@graph\":[{\"@type\":\"WebPage\",\"@id\":\"https:\/\/desarrollo.clinicadentalromeo.com\/?page_id=2137\",\"url\":\"https:\/\/desarrollo.clinicadentalromeo.com\/?page_id=2137\",\"name\":\"Pol\u00edtica de cookies - Cl\u00ednica dental Romeo: Dentistas en Vigo\",\"isPartOf\":{\"@id\":\"https:\/\/desarrollo.clinicadentalromeo.com\/#website\"},\"datePublished\":\"2023-03-09T01:20:39+00:00\",\"dateModified\":\"2023-03-09T01:24:02+00:00\",\"breadcrumb\":{\"@id\":\"https:\/\/desarrollo.clinicadentalromeo.com\/?page_id=2137#breadcrumb\"},\"inLanguage\":\"es\",\"potentialAction\":[{\"@type\":\"ReadAction\",\"target\":[\"https:\/\/desarrollo.clinicadentalromeo.com\/?page_id=2137\"]}]},{\"@type\":\"BreadcrumbList\",\"@id\":\"https:\/\/desarrollo.clinicadentalromeo.com\/?page_id=2137#breadcrumb\",\"itemListElement\":[{\"@type\":\"ListItem\",\"position\":1,\"name\":\"Portada\",\"item\":\"https:\/\/desarrollo.clinicadentalromeo.com\/\"},{\"@type\":\"ListItem\",\"position\":2,\"name\":\"Pol\u00edtica de cookies\"}]},{\"@type\":\"WebSite\",\"@id\":\"https:\/\/desarrollo.clinicadentalromeo.com\/#website\",\"url\":\"https:\/\/desarrollo.clinicadentalromeo.com\/\",\"name\":\"Cl\u00ednica dental Romeo: Dentistas en Vigo\",\"description\":\"Cl\u00ednica dental Romeo en Vigo. Disfrutamos de amplio abanico de dentistas en plantilla especializados para dar el mejor servicio para tu salud dental.\",\"publisher\":{\"@id\":\"https:\/\/desarrollo.clinicadentalromeo.com\/#organization\"},\"alternateName\":\"Cl\u00ednica Dental Romeo\",\"potentialAction\":[{\"@type\":\"SearchAction\",\"target\":{\"@type\":\"EntryPoint\",\"urlTemplate\":\"https:\/\/desarrollo.clinicadentalromeo.com\/?s={search_term_string}\"},\"query-input\":\"required name=search_term_string\"}],\"inLanguage\":\"es\"},{\"@type\":\"Organization\",\"@id\":\"https:\/\/desarrollo.clinicadentalromeo.com\/#organization\",\"name\":\"Cl\u00ednica dental Romeo: Dentistas en Vigo\",\"url\":\"https:\/\/desarrollo.clinicadentalromeo.com\/\",\"logo\":{\"@type\":\"ImageObject\",\"inLanguage\":\"es\",\"@id\":\"https:\/\/desarrollo.clinicadentalromeo.com\/#\/schema\/logo\/image\/\",\"url\":\"https:\/\/desarrollo.clinicadentalromeo.com\/wp-content\/uploads\/2023\/03\/CDR001_RomeoMarca1.0.png\",\"contentUrl\":\"https:\/\/desarrollo.clinicadentalromeo.com\/wp-content\/uploads\/2023\/03\/CDR001_RomeoMarca1.0.png\",\"width\":2058,\"height\":660,\"caption\":\"Cl\u00ednica dental Romeo: Dentistas en Vigo\"},\"image\":{\"@id\":\"https:\/\/desarrollo.clinicadentalromeo.com\/#\/schema\/logo\/image\/\"}}]}<\/script>\n<!-- \/ Yoast SEO plugin. -->","yoast_head_json":{"title":"Pol\u00edtica de cookies - Cl\u00ednica dental Romeo: Dentistas en Vigo","robots":{"index":"index","follow":"follow","max-snippet":"max-snippet:-1","max-image-preview":"max-image-preview:large","max-video-preview":"max-video-preview:-1"},"canonical":"https:\/\/desarrollo.clinicadentalromeo.com\/?page_id=2137","og_locale":"es_ES","og_type":"article","og_title":"Pol\u00edtica de cookies - Cl\u00ednica dental Romeo: Dentistas en Vigo","og_description":"Pol\u00edtica de cookies Datos identificativos En cumplimiento con el deber de informaci\u00f3n recogido en el art\u00edculo 10 de la ley 34\/2002 del 11 de julio, de Servicios de la Sociedad de la informaci\u00f3n y Comercio Electr\u00f3nico (LSSICE) se exponen a continuaci\u00f3n los datos identificativos de la empresa responsable: Equipo Dental Vigo CR S.L. (en adelante ... Leer m\u00e1s","og_url":"https:\/\/desarrollo.clinicadentalromeo.com\/?page_id=2137","og_site_name":"Cl\u00ednica dental Romeo: Dentistas en Vigo","article_modified_time":"2023-03-09T01:24:02+00:00","og_image":[{"width":500,"height":500,"url":"https:\/\/desarrollo.clinicadentalromeo.com\/wp-content\/uploads\/2023\/03\/Logo-Clinica-Dental-Romeo.png","type":"image\/png"}],"twitter_card":"summary_large_image","twitter_misc":{"Tiempo de lectura":"6 minutos"},"schema":{"@context":"https:\/\/schema.org","@graph":[{"@type":"WebPage","@id":"https:\/\/desarrollo.clinicadentalromeo.com\/?page_id=2137","url":"https:\/\/desarrollo.clinicadentalromeo.com\/?page_id=2137","name":"Pol\u00edtica de cookies - Cl\u00ednica dental Romeo: Dentistas en Vigo","isPartOf":{"@id":"https:\/\/desarrollo.clinicadentalromeo.com\/#website"},"datePublished":"2023-03-09T01:20:39+00:00","dateModified":"2023-03-09T01:24:02+00:00","breadcrumb":{"@id":"https:\/\/desarrollo.clinicadentalromeo.com\/?page_id=2137#breadcrumb"},"inLanguage":"es","potentialAction":[{"@type":"ReadAction","target":["https:\/\/desarrollo.clinicadentalromeo.com\/?page_id=2137"]}]},{"@type":"BreadcrumbList","@id":"https:\/\/desarrollo.clinicadentalromeo.com\/?page_id=2137#breadcrumb","itemListElement":[{"@type":"ListItem","position":1,"name":"Portada","item":"https:\/\/desarrollo.clinicadentalromeo.com\/"},{"@type":"ListItem","position":2,"name":"Pol\u00edtica de cookies"}]},{"@type":"WebSite","@id":"https:\/\/desarrollo.clinicadentalromeo.com\/#website","url":"https:\/\/desarrollo.clinicadentalromeo.com\/","name":"Cl\u00ednica dental Romeo: Dentistas en Vigo","description":"Cl\u00ednica dental Romeo en Vigo. Disfrutamos de amplio abanico de dentistas en plantilla especializados para dar el mejor servicio para tu salud dental.","publisher":{"@id":"https:\/\/desarrollo.clinicadentalromeo.com\/#organization"},"alternateName":"Cl\u00ednica Dental Romeo","potentialAction":[{"@type":"SearchAction","target":{"@type":"EntryPoint","urlTemplate":"https:\/\/desarrollo.clinicadentalromeo.com\/?s={search_term_string}"},"query-input":"required name=search_term_string"}],"inLanguage":"es"},{"@type":"Organization","@id":"https:\/\/desarrollo.clinicadentalromeo.com\/#organization","name":"Cl\u00ednica dental Romeo: Dentistas en Vigo","url":"https:\/\/desarrollo.clinicadentalromeo.com\/","logo":{"@type":"ImageObject","inLanguage":"es","@id":"https:\/\/desarrollo.clinicadentalromeo.com\/#\/schema\/logo\/image\/","url":"https:\/\/desarrollo.clinicadentalromeo.com\/wp-content\/uploads\/2023\/03\/CDR001_RomeoMarca1.0.png","contentUrl":"https:\/\/desarrollo.clinicadentalromeo.com\/wp-content\/uploads\/2023\/03\/CDR001_RomeoMarca1.0.png","width":2058,"height":660,"caption":"Cl\u00ednica dental Romeo: Dentistas en Vigo"},"image":{"@id":"https:\/\/desarrollo.clinicadentalromeo.com\/#\/schema\/logo\/image\/"}}]}},"_links":{"self":[{"href":"https:\/\/desarrollo.clinicadentalromeo.com\/index.php?rest_route=\/wp\/v2\/pages\/2137","targetHints":{"allow":["GET"]}}],"collection":[{"href":"https:\/\/desarrollo.clinicadentalromeo.com\/index.php?rest_route=\/wp\/v2\/pages"}],"about":[{"href":"https:\/\/desarrollo.clinicadentalromeo.com\/index.php?rest_route=\/wp\/v2\/types\/page"}],"author":[{"embeddable":true,"href":"https:\/\/desarrollo.clinicadentalromeo.com\/index.php?rest_route=\/wp\/v2\/users\/1"}],"replies":[{"embeddable":true,"href":"https:\/\/desarrollo.clinicadentalromeo.com\/index.php?rest_route=%2Fwp%2Fv2%2Fcomments&post=2137"}],"version-history":[{"count":7,"href":"https:\/\/desarrollo.clinicadentalromeo.com\/index.php?rest_route=\/wp\/v2\/pages\/2137\/revisions"}],"predecessor-version":[{"id":2145,"href":"https:\/\/desarrollo.clinicadentalromeo.com\/index.php?rest_route=\/wp\/v2\/pages\/2137\/revisions\/2145"}],"wp:attachment":[{"href":"https:\/\/desarrollo.clinicadentalromeo.com\/index.php?rest_route=%2Fwp%2Fv2%2Fmedia&parent=2137"}],"curies":[{"name":"wp","href":"https:\/\/api.w.org\/{rel}","templated":true}]}}